{"id":125,"date":"2009-04-13T08:01:27","date_gmt":"2009-04-13T07:01:27","guid":{"rendered":"http:\/\/www.fc-bruchertseifen.de\/wordpress\/?page_id=125"},"modified":"2023-09-09T07:13:54","modified_gmt":"2023-09-09T06:13:54","slug":"1-mannschaft","status":"publish","type":"page","link":"https:\/\/www.fc-bruchertseifen.de\/wordpress\/1-mannschaft\/","title":{"rendered":"1. Mannschaft"},"content":{"rendered":"<h3 style=\"text-align: center;\">Unser Team:<\/h3>\n<p>Saison 23\/24<\/p>\n<p><a href=\"http:\/\/www.fc-bruchertseifen.de\/wordpress\/wp-content\/uploads\/2023\/09\/SG-Hammerland.jpg\"><img loading=\"lazy\" decoding=\"async\" class=\"aligncenter  wp-image-1880\" src=\"http:\/\/www.fc-bruchertseifen.de\/wordpress\/wp-content\/uploads\/2023\/09\/SG-Hammerland-268x300.jpg\" alt=\"\" width=\"215\" height=\"241\" srcset=\"https:\/\/www.fc-bruchertseifen.de\/wordpress\/wp-content\/uploads\/2023\/09\/SG-Hammerland-268x300.jpg 268w, https:\/\/www.fc-bruchertseifen.de\/wordpress\/wp-content\/uploads\/2023\/09\/SG-Hammerland-520x583.jpg 520w, https:\/\/www.fc-bruchertseifen.de\/wordpress\/wp-content\/uploads\/2023\/09\/SG-Hammerland.jpg 642w\" sizes=\"(max-width: 215px) 100vw, 215px\" \/><\/a><a href=\"http:\/\/www.fc-bruchertseifen.de\/wordpress\/wp-content\/uploads\/2023\/09\/IMG_7600_b.png\"><img loading=\"lazy\" decoding=\"async\" class=\"aligncenter size-medium wp-image-1882\" src=\"http:\/\/www.fc-bruchertseifen.de\/wordpress\/wp-content\/uploads\/2023\/09\/IMG_7600_b-300x201.png\" alt=\"\" width=\"300\" height=\"201\" srcset=\"https:\/\/www.fc-bruchertseifen.de\/wordpress\/wp-content\/uploads\/2023\/09\/IMG_7600_b-300x201.png 300w, https:\/\/www.fc-bruchertseifen.de\/wordpress\/wp-content\/uploads\/2023\/09\/IMG_7600_b-1024x685.png 1024w, https:\/\/www.fc-bruchertseifen.de\/wordpress\/wp-content\/uploads\/2023\/09\/IMG_7600_b-768x514.png 768w, https:\/\/www.fc-bruchertseifen.de\/wordpress\/wp-content\/uploads\/2023\/09\/IMG_7600_b-1536x1028.png 1536w, https:\/\/www.fc-bruchertseifen.de\/wordpress\/wp-content\/uploads\/2023\/09\/IMG_7600_b-2048x1370.png 2048w, https:\/\/www.fc-bruchertseifen.de\/wordpress\/wp-content\/uploads\/2023\/09\/IMG_7600_b-390x260.png 390w, https:\/\/www.fc-bruchertseifen.de\/wordpress\/wp-content\/uploads\/2023\/09\/IMG_7600_b-520x348.png 520w, https:\/\/www.fc-bruchertseifen.de\/wordpress\/wp-content\/uploads\/2023\/09\/IMG_7600_b-740x495.png 740w\" sizes=\"(max-width: 300px) 100vw, 300px\" \/><\/a><\/p>\n<p>Saison 17\/18<\/p>\n<p><a href=\"http:\/\/www.fc-bruchertseifen.de\/wordpress\/wp-content\/uploads\/2018\/05\/1.jpg\"><img loading=\"lazy\" decoding=\"async\" class=\"aligncenter wp-image-1613 size-large\" src=\"http:\/\/www.fc-bruchertseifen.de\/wordpress\/wp-content\/uploads\/2018\/05\/1-1024x768.jpg\" alt=\"\" width=\"1024\" height=\"768\" srcset=\"https:\/\/www.fc-bruchertseifen.de\/wordpress\/wp-content\/uploads\/2018\/05\/1-1024x768.jpg 1024w, https:\/\/www.fc-bruchertseifen.de\/wordpress\/wp-content\/uploads\/2018\/05\/1-300x225.jpg 300w, https:\/\/www.fc-bruchertseifen.de\/wordpress\/wp-content\/uploads\/2018\/05\/1-768x576.jpg 768w, https:\/\/www.fc-bruchertseifen.de\/wordpress\/wp-content\/uploads\/2018\/05\/1-520x390.jpg 520w, https:\/\/www.fc-bruchertseifen.de\/wordpress\/wp-content\/uploads\/2018\/05\/1-740x555.jpg 740w\" sizes=\"(max-width: 1024px) 100vw, 1024px\" \/><\/a><\/p>\n<p>&nbsp;<\/p>\n<p>Es war einmal:<\/p>\n<p>&nbsp;<\/p>\n<p><a href=\"http:\/\/www.fc-bruchertseifen.de\/wordpress\/wp-content\/uploads\/2014\/07\/IMG_0028.jpg\"><img loading=\"lazy\" decoding=\"async\" class=\"aligncenter size-full wp-image-850\" src=\"http:\/\/www.fc-bruchertseifen.de\/wordpress\/wp-content\/uploads\/2014\/07\/IMG_0028.jpg\" alt=\"IMG_0028\" width=\"1632\" height=\"1224\" srcset=\"https:\/\/www.fc-bruchertseifen.de\/wordpress\/wp-content\/uploads\/2014\/07\/IMG_0028.jpg 1632w, https:\/\/www.fc-bruchertseifen.de\/wordpress\/wp-content\/uploads\/2014\/07\/IMG_0028-300x225.jpg 300w, https:\/\/www.fc-bruchertseifen.de\/wordpress\/wp-content\/uploads\/2014\/07\/IMG_0028-1024x768.jpg 1024w\" sizes=\"(max-width: 1632px) 100vw, 1632px\" \/><\/a><\/p>\n<p>Hintere Reihe von links nach rechts:<br \/>\nKlaus Benner ( Trainer),Patrick Biergans, Alex Bondarenko, Chris Weber, Sergej Junker, Patrick Winkler, Philipp Weber, Dennis Benner, Philipp Arndt, Daniel M\u00fcller,<br \/>\nVordere Reihe:<br \/>\nMarvin M\u00fcller, Lars Klein, Artur Reger, Marc B\u00f6hmer, Hussein Tahmaz, Nikolas Brendebach, Kevin Wagner, Valentin Bondarenko, Paul Fr\u00f6se, es fehlen : Toni Fast, Jakob Giesbrecht, Manuel Buss<\/p>\n<p style=\"text-align: center;\"><a href=\"http:\/\/www.fc-bruchertseifen.de\/wordpress\/wp-content\/uploads\/2014\/07\/Foto-3.jpg\"><img loading=\"lazy\" decoding=\"async\" class=\"aligncenter size-full wp-image-810\" src=\"http:\/\/www.fc-bruchertseifen.de\/wordpress\/wp-content\/uploads\/2014\/07\/Foto-3.jpg\" alt=\"Foto 3\" width=\"640\" height=\"480\" srcset=\"https:\/\/www.fc-bruchertseifen.de\/wordpress\/wp-content\/uploads\/2014\/07\/Foto-3.jpg 640w, https:\/\/www.fc-bruchertseifen.de\/wordpress\/wp-content\/uploads\/2014\/07\/Foto-3-300x225.jpg 300w\" sizes=\"(max-width: 640px) 100vw, 640px\" \/><\/a><\/p>\n<h2>Trainer \/Zielsetzung f\u00fcr die neue Saison<\/h2>\n<p>Trainer Klaus Benner\/ oberes Tabellendrittel<\/p>\n<p>Co-Trainer Nikolas Brendebach<\/p>\n<p><span style=\"text-decoration: underline;\">&nbsp;Abg\u00e4nge:<\/span><\/p>\n<p>Georg Kl\u00f6ckner, Marcel Fuchs, Dennis Schmitz, Kevin Million, Lars Million, B\u00fclent Bayindir, Gentian Dinja, David Baginski (alle Siegtaler Sportfreunde)<\/p>\n<p><span style=\"text-decoration: underline;\">&nbsp;Zug\u00e4nge:&nbsp; &nbsp;<\/span><\/p>\n<p>Daniel M\u00fcller, Paul Fr\u00f6se, Philipp Arndt (alle VFl Hamm A-Jugend)Toni Fast ( VFL Hamm 1)<\/p>\n<p>Artur Reger, Valentin Bondarenko (VFL Hamm 2)<\/p>\n<p>Rudi Stoll, Lars Klein, Chris Weber, Kevin Koch, Sergej Junker, Roland Fr\u00f6se, Benjamin Brock (alle VFL Hamm 3)<\/p>\n<p>Marc B\u00f6hmer, Hussein Tahmaz, Dennis Benner (alle Siegtaler Sportfreunde)<\/p>\n<p>Patrick Winkler (FK Etzbach)<\/p>\n<p>Jakob Giesbrecht, David Klein, Alex Bondarenko, Thomas Falk, Tobias Falk (vereinslos)<\/p>\n<p>&nbsp;<\/p>\n<p><span style=\"text-decoration: underline;\"><strong>Kader&nbsp; &nbsp; &nbsp;<\/strong><\/span><\/p>\n<ul>\n<li>Tor &nbsp; &nbsp;Nikolas Brendebach, Hussein Tahmaz<\/li>\n<li>Abwehr&nbsp;&nbsp;&nbsp; Toni Fast, Artur Reger, Patrick Biergans, Kevin Wagner, Philipp Weber, Tobias Falk, Thomas Falk, Chris Weber, Lars Klein, Patrick Winkler<\/li>\n<li>Mittelfeld&nbsp;&nbsp;&nbsp;&nbsp; Jakob Giesbrecht, Daniel M\u00fcller, Rudi Stoll, Marc B\u00f6hmer, Philipp Arndt, Alex Bondarenko, Manuel Buss, Paul Fr\u00f6se<\/li>\n<li>Sturm Valtentin Bondarenko, Marvin M\u00fcller, Dennis Benner, Sergej Junker<\/li>\n<\/ul>\n<p>&nbsp;<\/p>\n<h2>Zielsetzung f\u00fcr die Saison 2014\/15<\/h2>\n<p>Tabellenplatz unter den ersten 5<\/p>\n<p>Angaben zum Trainer:<\/p>\n<ul>\n<li>&nbsp;Klaus Benner wohnhaft in Bitzen im Birkenweg 28<\/li>\n<li>&nbsp;Verheiratet, 1 Kind<\/li>\n<li>Aktive Zeit Senioren Tus Bitzen, FC Brucherseifen, VFL Hamm<\/li>\n<li>Trainert\u00e4tigkeit 4,5 Jahre VFL Hamm 2<\/li>\n<\/ul>\n<p><strong>&nbsp;Allgemeine Aussagen des Trainers<\/strong><\/p>\n<p>z.B.: Umfeld der \u201eErsten\u201c \/&nbsp; zur Jugendarbeit&nbsp; \/&nbsp;&nbsp; W\u00fcnsche des Trainers<\/p>\n<p>&nbsp;<\/p>\n<p>Ich freue mich mit dem SG Vorstand Jochen Koschinski und Wolfgang H\u00f6rter einen Neuaufbau im Verein zu starten. Mit Meldung der ersten und zweiten Mannschaft haben wir schon einen guten Schritt gemacht. Au\u00dferdem freue ich mich auf die Zusammenarbeit mit vielen ganz jungen Spieler. Zielsetzung ist Spa\u00df, Freude und gute Kameradschaft in beide Mannschaften zu bringen und so alle jungen Spieler langfristig an den Verein zu binden. Gro\u00dfes Ziel ist es in den n\u00e4chsten 3-4 Jahren wieder in der B-Klasse zu spielen.<\/p>\n","protected":false},"excerpt":{"rendered":"<p>Unser Team: Saison 23\/24 Saison 17\/18 &nbsp; Es war einmal: &nbsp; Hintere Reihe von links nach rechts: Klaus Benner ( Trainer),Patrick Biergans, Alex Bondarenko, Chris Weber, Sergej Junker, Patrick Winkler, Philipp Weber, Dennis Benner, Philipp<a class=\"read-more\" href=\"https:\/\/www.fc-bruchertseifen.de\/wordpress\/1-mannschaft\/\">Continue reading<\/a><\/p>\n","protected":false},"author":1,"featured_media":0,"parent":0,"menu_order":0,"comment_status":"open","ping_status":"open","template":"","meta":{"ngg_post_thumbnail":0,"footnotes":""},"yoast_head":"<!-- This site is optimized with the Yoast SEO plugin v21.6 - https:\/\/yoast.com\/wordpress\/plugins\/seo\/ -->\n<title>1. Mannschaft - FC Kroppacher Schweiz Bruchertseifen e.V. 1974<\/title>\n<meta name=\"robots\" content=\"index, follow, max-snippet:-1, max-image-preview:large, max-video-preview:-1\" \/>\n<link rel=\"canonical\" href=\"http:\/\/www.fc-bruchertseifen.de\/wordpress\/1-mannschaft\/\" \/>\n<meta property=\"og:locale\" content=\"de_DE\" \/>\n<meta property=\"og:type\" content=\"article\" \/>\n<meta property=\"og:title\" content=\"1. Mannschaft - FC Kroppacher Schweiz Bruchertseifen e.V. 1974\" \/>\n<meta property=\"og:description\" content=\"Unser Team: Saison 23\/24 Saison 17\/18 &nbsp; Es war einmal: &nbsp; Hintere Reihe von links nach rechts: Klaus Benner ( Trainer),Patrick Biergans, Alex Bondarenko, Chris Weber, Sergej Junker, Patrick Winkler, Philipp Weber, Dennis Benner, PhilippContinue reading\" \/>\n<meta property=\"og:url\" content=\"http:\/\/www.fc-bruchertseifen.de\/wordpress\/1-mannschaft\/\" \/>\n<meta property=\"og:site_name\" content=\"FC Kroppacher Schweiz Bruchertseifen e.V. 1974\" \/>\n<meta property=\"article:modified_time\" content=\"2023-09-09T06:13:54+00:00\" \/>\n<meta property=\"og:image\" content=\"http:\/\/www.fc-bruchertseifen.de\/wordpress\/wp-content\/uploads\/2023\/09\/SG-Hammerland-268x300.jpg\" \/>\n<meta name=\"twitter:card\" content=\"summary_large_image\" \/>\n<meta name=\"twitter:label1\" content=\"Gesch\u00e4tzte Lesezeit\" \/>\n\t<meta name=\"twitter:data1\" content=\"3\u00a0Minuten\" \/>\n<script type=\"application\/ld+json\" class=\"yoast-schema-graph\">{\"@context\":\"https:\/\/schema.org\",\"@graph\":[{\"@type\":\"WebPage\",\"@id\":\"http:\/\/www.fc-bruchertseifen.de\/wordpress\/1-mannschaft\/\",\"url\":\"http:\/\/www.fc-bruchertseifen.de\/wordpress\/1-mannschaft\/\",\"name\":\"1. Mannschaft - FC Kroppacher Schweiz Bruchertseifen e.V. 1974\",\"isPartOf\":{\"@id\":\"https:\/\/www.fc-bruchertseifen.de\/wordpress\/#website\"},\"datePublished\":\"2009-04-13T07:01:27+00:00\",\"dateModified\":\"2023-09-09T06:13:54+00:00\",\"breadcrumb\":{\"@id\":\"http:\/\/www.fc-bruchertseifen.de\/wordpress\/1-mannschaft\/#breadcrumb\"},\"inLanguage\":\"de\",\"potentialAction\":[{\"@type\":\"ReadAction\",\"target\":[\"http:\/\/www.fc-bruchertseifen.de\/wordpress\/1-mannschaft\/\"]}]},{\"@type\":\"BreadcrumbList\",\"@id\":\"http:\/\/www.fc-bruchertseifen.de\/wordpress\/1-mannschaft\/#breadcrumb\",\"itemListElement\":[{\"@type\":\"ListItem\",\"position\":1,\"name\":\"Home\",\"item\":\"https:\/\/www.fc-bruchertseifen.de\/wordpress\/\"},{\"@type\":\"ListItem\",\"position\":2,\"name\":\"1. Mannschaft\"}]},{\"@type\":\"WebSite\",\"@id\":\"https:\/\/www.fc-bruchertseifen.de\/wordpress\/#website\",\"url\":\"https:\/\/www.fc-bruchertseifen.de\/wordpress\/\",\"name\":\"FC Kroppacher Schweiz Bruchertseifen e.V. 1974\",\"description\":\"SG HAMMERLAND       Bruchertseifen \/ Eichelhardt \/ Hamm\",\"potentialAction\":[{\"@type\":\"SearchAction\",\"target\":{\"@type\":\"EntryPoint\",\"urlTemplate\":\"https:\/\/www.fc-bruchertseifen.de\/wordpress\/?s={search_term_string}\"},\"query-input\":\"required name=search_term_string\"}],\"inLanguage\":\"de\"}]}<\/script>\n<!-- \/ Yoast SEO plugin. -->","yoast_head_json":{"title":"1. Mannschaft - FC Kroppacher Schweiz Bruchertseifen e.V. 1974","robots":{"index":"index","follow":"follow","max-snippet":"max-snippet:-1","max-image-preview":"max-image-preview:large","max-video-preview":"max-video-preview:-1"},"canonical":"http:\/\/www.fc-bruchertseifen.de\/wordpress\/1-mannschaft\/","og_locale":"de_DE","og_type":"article","og_title":"1. Mannschaft - FC Kroppacher Schweiz Bruchertseifen e.V. 1974","og_description":"Unser Team: Saison 23\/24 Saison 17\/18 &nbsp; Es war einmal: &nbsp; Hintere Reihe von links nach rechts: Klaus Benner ( Trainer),Patrick Biergans, Alex Bondarenko, Chris Weber, Sergej Junker, Patrick Winkler, Philipp Weber, Dennis Benner, PhilippContinue reading","og_url":"http:\/\/www.fc-bruchertseifen.de\/wordpress\/1-mannschaft\/","og_site_name":"FC Kroppacher Schweiz Bruchertseifen e.V. 1974","article_modified_time":"2023-09-09T06:13:54+00:00","og_image":[{"url":"http:\/\/www.fc-bruchertseifen.de\/wordpress\/wp-content\/uploads\/2023\/09\/SG-Hammerland-268x300.jpg"}],"twitter_card":"summary_large_image","twitter_misc":{"Gesch\u00e4tzte Lesezeit":"3\u00a0Minuten"},"schema":{"@context":"https:\/\/schema.org","@graph":[{"@type":"WebPage","@id":"http:\/\/www.fc-bruchertseifen.de\/wordpress\/1-mannschaft\/","url":"http:\/\/www.fc-bruchertseifen.de\/wordpress\/1-mannschaft\/","name":"1. Mannschaft - FC Kroppacher Schweiz Bruchertseifen e.V. 1974","isPartOf":{"@id":"https:\/\/www.fc-bruchertseifen.de\/wordpress\/#website"},"datePublished":"2009-04-13T07:01:27+00:00","dateModified":"2023-09-09T06:13:54+00:00","breadcrumb":{"@id":"http:\/\/www.fc-bruchertseifen.de\/wordpress\/1-mannschaft\/#breadcrumb"},"inLanguage":"de","potentialAction":[{"@type":"ReadAction","target":["http:\/\/www.fc-bruchertseifen.de\/wordpress\/1-mannschaft\/"]}]},{"@type":"BreadcrumbList","@id":"http:\/\/www.fc-bruchertseifen.de\/wordpress\/1-mannschaft\/#breadcrumb","itemListElement":[{"@type":"ListItem","position":1,"name":"Home","item":"https:\/\/www.fc-bruchertseifen.de\/wordpress\/"},{"@type":"ListItem","position":2,"name":"1. Mannschaft"}]},{"@type":"WebSite","@id":"https:\/\/www.fc-bruchertseifen.de\/wordpress\/#website","url":"https:\/\/www.fc-bruchertseifen.de\/wordpress\/","name":"FC Kroppacher Schweiz Bruchertseifen e.V. 1974","description":"SG HAMMERLAND       Bruchertseifen \/ Eichelhardt \/ Hamm","potentialAction":[{"@type":"SearchAction","target":{"@type":"EntryPoint","urlTemplate":"https:\/\/www.fc-bruchertseifen.de\/wordpress\/?s={search_term_string}"},"query-input":"required name=search_term_string"}],"inLanguage":"de"}]}},"_links":{"self":[{"href":"https:\/\/www.fc-bruchertseifen.de\/wordpress\/wp-json\/wp\/v2\/pages\/125"}],"collection":[{"href":"https:\/\/www.fc-bruchertseifen.de\/wordpress\/wp-json\/wp\/v2\/pages"}],"about":[{"href":"https:\/\/www.fc-bruchertseifen.de\/wordpress\/wp-json\/wp\/v2\/types\/page"}],"author":[{"embeddable":true,"href":"https:\/\/www.fc-bruchertseifen.de\/wordpress\/wp-json\/wp\/v2\/users\/1"}],"replies":[{"embeddable":true,"href":"https:\/\/www.fc-bruchertseifen.de\/wordpress\/wp-json\/wp\/v2\/comments?post=125"}],"version-history":[{"count":40,"href":"https:\/\/www.fc-bruchertseifen.de\/wordpress\/wp-json\/wp\/v2\/pages\/125\/revisions"}],"predecessor-version":[{"id":1883,"href":"https:\/\/www.fc-bruchertseifen.de\/wordpress\/wp-json\/wp\/v2\/pages\/125\/revisions\/1883"}],"wp:attachment":[{"href":"https:\/\/www.fc-bruchertseifen.de\/wordpress\/wp-json\/wp\/v2\/media?parent=125"}],"curies":[{"name":"wp","href":"https:\/\/api.w.org\/{rel}","templated":true}]}}