{"id":5,"date":"2009-03-10T18:52:58","date_gmt":"2009-03-10T17:52:58","guid":{"rendered":"http:\/\/www.fc-bruchertseifen.de\/wordpress\/?page_id=5"},"modified":"2025-05-09T17:16:46","modified_gmt":"2025-05-09T16:16:46","slug":"2-mannschaft","status":"publish","type":"page","link":"https:\/\/www.fc-bruchertseifen.de\/wordpress\/2-mannschaft\/","title":{"rendered":"Kontakt"},"content":{"rendered":"<p><strong>Der Vorstand<\/strong><\/p>\n<ul>\n<li>1. Vorsitzender:&nbsp; Matthias H\u00e4ussler, 017680396459<\/li>\n<li>2. Vorsitzender: Jens Krause<\/li>\n<li>Gesch\u00e4ftsf\u00fchrer: Kevin Wagner<\/li>\n<li>1. Kassierer: Martin Wagner 02682 \/ 670127<\/li>\n<li>2. Kassierer: Holger Pick<\/li>\n<li>1. Schriftf\u00fchrer: Felix Arndt<\/li>\n<li>2. Schriftf\u00fchrer: Thomas Schimkat<\/li>\n<\/ul>\n<p>Beisitzer: Artur Quarz, Lothar Walkenbach, J\u00f6rg M\u00fcller, Luca Wagener<\/p>\n<p>Weitere Kontakte:<\/p>\n<ul>\n<li>Trainer: HJ Held<\/li>\n<li>Sportlicher Leiter: Ren\u00e9 R\u00f6tzel<\/li>\n<\/ul>\n<ul>\n<li>Sportheim Bruchertseifen: 02682 \/ 3947<\/li>\n<li>Sportheim Eichelhardt: 02681 \/ 1899<\/li>\n<\/ul>\n","protected":false},"excerpt":{"rendered":"<p>Der Vorstand 1. Vorsitzender:&nbsp; Matthias H\u00e4ussler, 017680396459 2. Vorsitzender: Jens Krause Gesch\u00e4ftsf\u00fchrer: Kevin Wagner 1. Kassierer: Martin Wagner 02682 \/ 670127 2. Kassierer: Holger Pick 1. Schriftf\u00fchrer: Felix Arndt 2. Schriftf\u00fchrer: Thomas Schimkat Beisitzer: Artur<a class=\"read-more\" href=\"https:\/\/www.fc-bruchertseifen.de\/wordpress\/2-mannschaft\/\">Continue reading<\/a><\/p>\n","protected":false},"author":1,"featured_media":0,"parent":0,"menu_order":0,"comment_status":"open","ping_status":"open","template":"","meta":{"ngg_post_thumbnail":0,"footnotes":""},"yoast_head":"<!-- This site is optimized with the Yoast SEO plugin v21.6 - https:\/\/yoast.com\/wordpress\/plugins\/seo\/ -->\n<title>Kontakt - FC Kroppacher Schweiz Bruchertseifen e.V. 1974<\/title>\n<meta name=\"robots\" content=\"index, follow, max-snippet:-1, max-image-preview:large, max-video-preview:-1\" \/>\n<link rel=\"canonical\" href=\"https:\/\/www.fc-bruchertseifen.de\/wordpress\/2-mannschaft\/\" \/>\n<meta property=\"og:locale\" content=\"de_DE\" \/>\n<meta property=\"og:type\" content=\"article\" \/>\n<meta property=\"og:title\" content=\"Kontakt - FC Kroppacher Schweiz Bruchertseifen e.V. 1974\" \/>\n<meta property=\"og:description\" content=\"Der Vorstand 1. Vorsitzender:&nbsp; Matthias H\u00e4ussler, 017680396459 2. Vorsitzender: Jens Krause Gesch\u00e4ftsf\u00fchrer: Kevin Wagner 1. Kassierer: Martin Wagner 02682 \/ 670127 2. Kassierer: Holger Pick 1. Schriftf\u00fchrer: Felix Arndt 2. Schriftf\u00fchrer: Thomas Schimkat Beisitzer: ArturContinue reading\" \/>\n<meta property=\"og:url\" content=\"https:\/\/www.fc-bruchertseifen.de\/wordpress\/2-mannschaft\/\" \/>\n<meta property=\"og:site_name\" content=\"FC Kroppacher Schweiz Bruchertseifen e.V. 1974\" \/>\n<meta property=\"article:modified_time\" content=\"2025-05-09T16:16:46+00:00\" \/>\n<meta name=\"twitter:card\" content=\"summary_large_image\" \/>\n<meta name=\"twitter:label1\" content=\"Gesch\u00e4tzte Lesezeit\" \/>\n\t<meta name=\"twitter:data1\" content=\"1\u00a0Minute\" \/>\n<script type=\"application\/ld+json\" class=\"yoast-schema-graph\">{\"@context\":\"https:\/\/schema.org\",\"@graph\":[{\"@type\":\"WebPage\",\"@id\":\"https:\/\/www.fc-bruchertseifen.de\/wordpress\/2-mannschaft\/\",\"url\":\"https:\/\/www.fc-bruchertseifen.de\/wordpress\/2-mannschaft\/\",\"name\":\"Kontakt - FC Kroppacher Schweiz Bruchertseifen e.V. 1974\",\"isPartOf\":{\"@id\":\"http:\/\/www.fc-bruchertseifen.de\/wordpress\/#website\"},\"datePublished\":\"2009-03-10T17:52:58+00:00\",\"dateModified\":\"2025-05-09T16:16:46+00:00\",\"breadcrumb\":{\"@id\":\"https:\/\/www.fc-bruchertseifen.de\/wordpress\/2-mannschaft\/#breadcrumb\"},\"inLanguage\":\"de\",\"potentialAction\":[{\"@type\":\"ReadAction\",\"target\":[\"https:\/\/www.fc-bruchertseifen.de\/wordpress\/2-mannschaft\/\"]}]},{\"@type\":\"BreadcrumbList\",\"@id\":\"https:\/\/www.fc-bruchertseifen.de\/wordpress\/2-mannschaft\/#breadcrumb\",\"itemListElement\":[{\"@type\":\"ListItem\",\"position\":1,\"name\":\"Home\",\"item\":\"http:\/\/www.fc-bruchertseifen.de\/wordpress\/\"},{\"@type\":\"ListItem\",\"position\":2,\"name\":\"Kontakt\"}]},{\"@type\":\"WebSite\",\"@id\":\"http:\/\/www.fc-bruchertseifen.de\/wordpress\/#website\",\"url\":\"http:\/\/www.fc-bruchertseifen.de\/wordpress\/\",\"name\":\"FC Kroppacher Schweiz Bruchertseifen e.V. 1974\",\"description\":\"SG HAMMERLAND       Bruchertseifen \/ Eichelhardt \/ Hamm\",\"potentialAction\":[{\"@type\":\"SearchAction\",\"target\":{\"@type\":\"EntryPoint\",\"urlTemplate\":\"http:\/\/www.fc-bruchertseifen.de\/wordpress\/?s={search_term_string}\"},\"query-input\":\"required name=search_term_string\"}],\"inLanguage\":\"de\"}]}<\/script>\n<!-- \/ Yoast SEO plugin. -->","yoast_head_json":{"title":"Kontakt - FC Kroppacher Schweiz Bruchertseifen e.V. 1974","robots":{"index":"index","follow":"follow","max-snippet":"max-snippet:-1","max-image-preview":"max-image-preview:large","max-video-preview":"max-video-preview:-1"},"canonical":"https:\/\/www.fc-bruchertseifen.de\/wordpress\/2-mannschaft\/","og_locale":"de_DE","og_type":"article","og_title":"Kontakt - FC Kroppacher Schweiz Bruchertseifen e.V. 1974","og_description":"Der Vorstand 1. Vorsitzender:&nbsp; Matthias H\u00e4ussler, 017680396459 2. Vorsitzender: Jens Krause Gesch\u00e4ftsf\u00fchrer: Kevin Wagner 1. Kassierer: Martin Wagner 02682 \/ 670127 2. Kassierer: Holger Pick 1. Schriftf\u00fchrer: Felix Arndt 2. Schriftf\u00fchrer: Thomas Schimkat Beisitzer: ArturContinue reading","og_url":"https:\/\/www.fc-bruchertseifen.de\/wordpress\/2-mannschaft\/","og_site_name":"FC Kroppacher Schweiz Bruchertseifen e.V. 1974","article_modified_time":"2025-05-09T16:16:46+00:00","twitter_card":"summary_large_image","twitter_misc":{"Gesch\u00e4tzte Lesezeit":"1\u00a0Minute"},"schema":{"@context":"https:\/\/schema.org","@graph":[{"@type":"WebPage","@id":"https:\/\/www.fc-bruchertseifen.de\/wordpress\/2-mannschaft\/","url":"https:\/\/www.fc-bruchertseifen.de\/wordpress\/2-mannschaft\/","name":"Kontakt - FC Kroppacher Schweiz Bruchertseifen e.V. 1974","isPartOf":{"@id":"http:\/\/www.fc-bruchertseifen.de\/wordpress\/#website"},"datePublished":"2009-03-10T17:52:58+00:00","dateModified":"2025-05-09T16:16:46+00:00","breadcrumb":{"@id":"https:\/\/www.fc-bruchertseifen.de\/wordpress\/2-mannschaft\/#breadcrumb"},"inLanguage":"de","potentialAction":[{"@type":"ReadAction","target":["https:\/\/www.fc-bruchertseifen.de\/wordpress\/2-mannschaft\/"]}]},{"@type":"BreadcrumbList","@id":"https:\/\/www.fc-bruchertseifen.de\/wordpress\/2-mannschaft\/#breadcrumb","itemListElement":[{"@type":"ListItem","position":1,"name":"Home","item":"http:\/\/www.fc-bruchertseifen.de\/wordpress\/"},{"@type":"ListItem","position":2,"name":"Kontakt"}]},{"@type":"WebSite","@id":"http:\/\/www.fc-bruchertseifen.de\/wordpress\/#website","url":"http:\/\/www.fc-bruchertseifen.de\/wordpress\/","name":"FC Kroppacher Schweiz Bruchertseifen e.V. 1974","description":"SG HAMMERLAND       Bruchertseifen \/ Eichelhardt \/ Hamm","potentialAction":[{"@type":"SearchAction","target":{"@type":"EntryPoint","urlTemplate":"http:\/\/www.fc-bruchertseifen.de\/wordpress\/?s={search_term_string}"},"query-input":"required name=search_term_string"}],"inLanguage":"de"}]}},"_links":{"self":[{"href":"https:\/\/www.fc-bruchertseifen.de\/wordpress\/wp-json\/wp\/v2\/pages\/5"}],"collection":[{"href":"https:\/\/www.fc-bruchertseifen.de\/wordpress\/wp-json\/wp\/v2\/pages"}],"about":[{"href":"https:\/\/www.fc-bruchertseifen.de\/wordpress\/wp-json\/wp\/v2\/types\/page"}],"author":[{"embeddable":true,"href":"https:\/\/www.fc-bruchertseifen.de\/wordpress\/wp-json\/wp\/v2\/users\/1"}],"replies":[{"embeddable":true,"href":"https:\/\/www.fc-bruchertseifen.de\/wordpress\/wp-json\/wp\/v2\/comments?post=5"}],"version-history":[{"count":23,"href":"https:\/\/www.fc-bruchertseifen.de\/wordpress\/wp-json\/wp\/v2\/pages\/5\/revisions"}],"predecessor-version":[{"id":2017,"href":"https:\/\/www.fc-bruchertseifen.de\/wordpress\/wp-json\/wp\/v2\/pages\/5\/revisions\/2017"}],"wp:attachment":[{"href":"https:\/\/www.fc-bruchertseifen.de\/wordpress\/wp-json\/wp\/v2\/media?parent=5"}],"curies":[{"name":"wp","href":"https:\/\/api.w.org\/{rel}","templated":true}]}}